{"id":60,"date":"2017-04-09T18:49:41","date_gmt":"2017-04-09T16:49:41","guid":{"rendered":"http:\/\/trialog4animals.eu\/?page_id=60"},"modified":"2017-04-09T18:49:41","modified_gmt":"2017-04-09T16:49:41","slug":"wie-halten-sie-es-mit-dem-tiere-essen","status":"publish","type":"page","link":"http:\/\/trialog4animals.eu\/?page_id=60","title":{"rendered":"Wie halten Sie es mit dem &#8222;Tiere Essen&#8220; ?"},"content":{"rendered":"<p>Was halten Sie davon:<\/p>\n<p>Wenn Menschen sich treffen, um zu feiern und sich zu entspannen &#8211; steht Tiere Essen im Mittelpunkt. Darf es ein Braten sein, Kotelett oder Steak?<\/p>\n<p>Es sei denn, du triffst dich zum Kaffee oder Tee, doch in diesem Fall steht eine Torte auf dem Tisch, die aus den Sekreten von Tieren gemacht wird, &#8211; Sahne-Torte, K\u00e4se-Kuchen &#8211;\u00a0 und die Leute sch\u00fctten sich Milch in ihren Kaffee und Tee, der f\u00fcr die Ern\u00e4hrung von Tierbabies bestimmt ist.<\/p>\n<p>Unserer Ansicht nach ist das eine sehr archaische Verhaltensweise.<\/p>\n<p>Das meinten auch\u00a0 viele Menschen der Antike. Der Vegetarismus und Veganismus ist keine neue Erfindung.<\/p>\n<p>Die Religionen setzten sich jahrundertelang dar\u00fcber hinweg, da\u00df ihre eigenen Quellen den Menschen eine andere Nahrung vorschrieb:\u00a0 Pflanzen, K\u00f6rner, N\u00fcsse\u00a0 und Fr\u00fcchte.<\/p>\n<p>Tierethische Gebote wurden jahrhundertelang vergessen,\u00a0 verschwiegen, oder verdreht. So entstand die Auffassung, Menschen sei es erlaubt, ja sogar befohlen \u00fcber die Tiere zu herrschen und sie mit Haut und Haaren zu verzehren.<\/p>\n<p>Ohne Gewissensbisse. Nach eigener Willk\u00fcr.<\/p>\n<p>Mensch! Gebrauche deinen Verstand!<\/p>\n","protected":false},"excerpt":{"rendered":"<p>Was halten Sie davon: Wenn Menschen sich treffen, um zu feiern und sich zu entspannen &#8211; steht Tiere Essen im Mittelpunkt. Darf es ein Braten sein, Kotelett oder Steak? Es sei denn, du triffst dich zum Kaffee oder Tee, doch in diesem Fall steht eine Torte auf dem Tisch, die aus den Sekreten von Tieren &hellip; <a href=\"http:\/\/trialog4animals.eu\/?page_id=60\" class=\"more-link\"><span class=\"screen-reader-text\">Wie halten Sie es mit dem &#8222;Tiere Essen&#8220; ?<\/span> weiterlesen<\/a><\/p>\n","protected":false},"author":1,"featured_media":0,"parent":0,"menu_order":0,"comment_status":"closed","ping_status":"closed","template":"","meta":{"footnotes":""},"aioseo_notices":[],"_links":{"self":[{"href":"http:\/\/trialog4animals.eu\/index.php?rest_route=\/wp\/v2\/pages\/60"}],"collection":[{"href":"http:\/\/trialog4animals.eu\/index.php?rest_route=\/wp\/v2\/pages"}],"about":[{"href":"http:\/\/trialog4animals.eu\/index.php?rest_route=\/wp\/v2\/types\/page"}],"author":[{"embeddable":true,"href":"http:\/\/trialog4animals.eu\/index.php?rest_route=\/wp\/v2\/users\/1"}],"replies":[{"embeddable":true,"href":"http:\/\/trialog4animals.eu\/index.php?rest_route=%2Fwp%2Fv2%2Fcomments&post=60"}],"version-history":[{"count":1,"href":"http:\/\/trialog4animals.eu\/index.php?rest_route=\/wp\/v2\/pages\/60\/revisions"}],"predecessor-version":[{"id":61,"href":"http:\/\/trialog4animals.eu\/index.php?rest_route=\/wp\/v2\/pages\/60\/revisions\/61"}],"wp:attachment":[{"href":"http:\/\/trialog4animals.eu\/index.php?rest_route=%2Fwp%2Fv2%2Fmedia&parent=60"}],"curies":[{"name":"wp","href":"https:\/\/api.w.org\/{rel}","templated":true}]}}