{"id":37,"date":"2017-03-28T22:38:13","date_gmt":"2017-03-28T22:38:13","guid":{"rendered":"http:\/\/trialog4animals.eu\/?page_id=37"},"modified":"2023-03-29T03:04:52","modified_gmt":"2023-03-29T01:04:52","slug":"impressum","status":"publish","type":"page","link":"http:\/\/trialog4animals.eu\/?page_id=37","title":{"rendered":"Impressum"},"content":{"rendered":"<p>Verantwortlich f\u00fcr Text und Gestaltung:<\/p>\n<p>Dr. Hanna Rheinz<\/p>\n<p>Trialog4Animals.eu<\/p>\n<p>Kl.Wegf.7, D-21756 Osten<\/p>\n<p>Disclaimer &amp; Haftungsausschlu\u00df<\/p>\n<p>Das Copyright liegt bei der Verfasserin des Inhalts der Webseite. F\u00fcr externe Links und Verlinkungen \u00fcbernehme ich keine Haftung. Ebensowenig f\u00fcr Sch\u00e4den, die daraus eventuell entstehen k\u00f6nnten.<\/p>\n","protected":false},"excerpt":{"rendered":"<p>Verantwortlich f\u00fcr Text und Gestaltung: Dr. Hanna Rheinz Trialog4Animals.eu Kl.Wegf.7, D-21756 Osten Disclaimer &amp; Haftungsausschlu\u00df Das Copyright liegt bei der Verfasserin des Inhalts der Webseite. F\u00fcr externe Links und Verlinkungen \u00fcbernehme ich keine Haftung. Ebensowenig f\u00fcr Sch\u00e4den, die daraus eventuell entstehen k\u00f6nnten.<\/p>\n","protected":false},"author":1,"featured_media":0,"parent":0,"menu_order":0,"comment_status":"closed","ping_status":"closed","template":"","meta":{"footnotes":""},"aioseo_notices":[],"_links":{"self":[{"href":"http:\/\/trialog4animals.eu\/index.php?rest_route=\/wp\/v2\/pages\/37"}],"collection":[{"href":"http:\/\/trialog4animals.eu\/index.php?rest_route=\/wp\/v2\/pages"}],"about":[{"href":"http:\/\/trialog4animals.eu\/index.php?rest_route=\/wp\/v2\/types\/page"}],"author":[{"embeddable":true,"href":"http:\/\/trialog4animals.eu\/index.php?rest_route=\/wp\/v2\/users\/1"}],"replies":[{"embeddable":true,"href":"http:\/\/trialog4animals.eu\/index.php?rest_route=%2Fwp%2Fv2%2Fcomments&post=37"}],"version-history":[{"count":3,"href":"http:\/\/trialog4animals.eu\/index.php?rest_route=\/wp\/v2\/pages\/37\/revisions"}],"predecessor-version":[{"id":223,"href":"http:\/\/trialog4animals.eu\/index.php?rest_route=\/wp\/v2\/pages\/37\/revisions\/223"}],"wp:attachment":[{"href":"http:\/\/trialog4animals.eu\/index.php?rest_route=%2Fwp%2Fv2%2Fmedia&parent=37"}],"curies":[{"name":"wp","href":"https:\/\/api.w.org\/{rel}","templated":true}]}}