{"id":35,"date":"2017-03-28T22:31:26","date_gmt":"2017-03-28T22:31:26","guid":{"rendered":"http:\/\/trialog4animals.eu\/?page_id=35"},"modified":"2023-04-04T03:19:10","modified_gmt":"2023-04-04T01:19:10","slug":"ueber-den-verein","status":"publish","type":"page","link":"http:\/\/trialog4animals.eu\/?page_id=35","title":{"rendered":"\u00dcber den Verein"},"content":{"rendered":"<p>Der Verein wurde 2007 als \u00fcberregionaler Verein gegr\u00fcndet. Zu den Gr\u00fcndungsmitgliedern z\u00e4hlen bekannte Tiersch\u00fctzer,\u00a0 Tierrechtler, Tierethiker, Tier\u00e4rzte, Psychologen, Ethologen,\u00a0 Gewerkschaftsvertreter, die sich neben ihrem Engagement f\u00fcr Tierschutz und Tierrecht, vor dem Hintergrund ihrer sozialen und ethnischen Herkunft auch f\u00fcr eine \u00f6ffentliche Wahrnehmung der Rolle des religi\u00f6sen und kulturellen Brauchtums bei der Aufrechterhaltung von tierschutzwidrigen Handlungen und ebensolchem Brauchtum einsetzen wollten.\u00a0 Neben dem Christentum, ist\u00a0 das Judentum vertreten, dessen\u00a0 &#8211; weltweit erste tierrechtliche Gesetzgebung &#8211; jahrhundertelang mi\u00dfverstanden worden ist, jedoch eine tierschutzfreundliche Kultur geschaffen hat, die bis zum heutigen Tag weltweit\u00a0 in positiver Weise\u00a0 tierrechtliche und tierethische Haltungen und Bewegungen f\u00f6rdert.<\/p>\n<p>Israel ist heute das Land mit der gr\u00f6\u00dften Verbreitung des Veganismus (neben Indien). Der\u00a0 Austausch mit den &#8222;Jews for Animal Rights&#8220; (JAR) in den USA und Israel ist Teil des Ansatzes von TriAni e.V.\u00a0 Ebenso die parallel arbeitende &#8222;Initiative zur F\u00f6rderung des J\u00fcdischen Tierrechts&#8220;\u00a0 &#8222;Tier im Judentum&#8220; TIJ &#8211; (Animal in Judaism&#8220; mit der gleichnamigen Webseite.<\/p>\n<p>Von Anfang hat der Verein die Begegnung und den Umgang mit\u00a0 Tieren, darunter Klein- und\u00a0 Gro\u00dftiere, die am Vereinssitz leben,\u00a0 erm\u00f6glicht. Ein weiteres Aufgabengebiet ist die k\u00fcnstlerische Dokumentation der vielschichtigen\u00a0 Mensch-Tier Beziehung.<\/p>\n<p>Seit dem k\u00fcndigungsbedingten Umzug aus dem von privater Seite\u00a0 selbstrenovierten Bauernhof in der N\u00e4he von M\u00fcnchen (Oberbayern) und dem Umzug in den Norden\u00a0 zeichnet sich die Situation durch die ung\u00fcnstige regionale Lage und fehlende regionale Akzeptanz aus.<\/p>\n<p>Erschwerend kommt zudem die ver\u00e4nderte politische Situation in Deutschland hinzu;\u00a0 besonders negativ fallen die Zunahme von antisemtischen Aktivit\u00e4ten sowie die gegen Israel gerichteten\u00a0 Aktivit\u00e4ten der Bewegung &#8222;BDS&#8220; (Boycott, Divestmenst, Sanctions) auf, die sich in den letzten Jahren gegen den Verein und einzelne Mitglieder gerichtet haben.<\/p>\n<p>Um weiteren Schaden zu verh\u00fcten und eine Unterwanderung des Vereins zu verhindern, hat sich der Vereinsvorstand dazu entschieden,\u00a0\u00a0 &#8211; auch um eine \u00dcbernahme durch antisemitische und israelfeindliche Kr\u00e4fte und Bewegungen zu verhindern -, den Verein aufzul\u00f6sen.<\/p>\n<p>Die verbliebenen Gro\u00dftiere werden selbstverst\u00e4ndlich privat weiter betreut und die urspr\u00fcnglichen Vereinsziele werden weiterhin von einigen der an der Gr\u00fcndung des Vereins beteiligten Personen, darunter Tier\u00e4rzte und Psychologen -, weiter verfolgt und vertreten.<\/p>\n<p>Bei Interesse an der Thematik des Vereins k\u00f6nnen Sie die unten angef\u00fchrte Email-Adresse als Kontaktm\u00f6glichkeit nutzen.<\/p>\n<p>KONTAKT<\/p>\n<p>email:\u00a0 trialog4animals AT posteo.eu<\/p>\n<p>Weitere\u00a0 Informationen:<\/p>\n<blockquote class=\"wp-embedded-content\" data-secret=\"EgBJvWSeCN\"><p><a href=\"http:\/\/animalyz.com\/\">WELCOME !<\/a><\/p><\/blockquote>\n<p><iframe class=\"wp-embedded-content\" sandbox=\"allow-scripts\" security=\"restricted\" style=\"position: absolute; clip: rect(1px, 1px, 1px, 1px);\" title=\"&#8220;WELCOME !&#8221; &#8212; ANIMALYZ\" src=\"http:\/\/animalyz.com\/embed\/#?secret=EgBJvWSeCN\" data-secret=\"EgBJvWSeCN\" width=\"600\" height=\"338\" frameborder=\"0\" marginwidth=\"0\" marginheight=\"0\" scrolling=\"no\"><\/iframe><\/p>\n","protected":false},"excerpt":{"rendered":"<p>Der Verein wurde 2007 als \u00fcberregionaler Verein gegr\u00fcndet. Zu den Gr\u00fcndungsmitgliedern z\u00e4hlen bekannte Tiersch\u00fctzer,\u00a0 Tierrechtler, Tierethiker, Tier\u00e4rzte, Psychologen, Ethologen,\u00a0 Gewerkschaftsvertreter, die sich neben ihrem Engagement f\u00fcr Tierschutz und Tierrecht, vor dem Hintergrund ihrer sozialen und ethnischen Herkunft auch f\u00fcr eine \u00f6ffentliche Wahrnehmung der Rolle des religi\u00f6sen und kulturellen Brauchtums bei der Aufrechterhaltung von tierschutzwidrigen Handlungen &hellip; <a href=\"http:\/\/trialog4animals.eu\/?page_id=35\" class=\"more-link\"><span class=\"screen-reader-text\">\u00dcber den Verein<\/span> weiterlesen<\/a><\/p>\n","protected":false},"author":1,"featured_media":0,"parent":0,"menu_order":0,"comment_status":"closed","ping_status":"closed","template":"","meta":{"footnotes":""},"aioseo_notices":[],"_links":{"self":[{"href":"http:\/\/trialog4animals.eu\/index.php?rest_route=\/wp\/v2\/pages\/35"}],"collection":[{"href":"http:\/\/trialog4animals.eu\/index.php?rest_route=\/wp\/v2\/pages"}],"about":[{"href":"http:\/\/trialog4animals.eu\/index.php?rest_route=\/wp\/v2\/types\/page"}],"author":[{"embeddable":true,"href":"http:\/\/trialog4animals.eu\/index.php?rest_route=\/wp\/v2\/users\/1"}],"replies":[{"embeddable":true,"href":"http:\/\/trialog4animals.eu\/index.php?rest_route=%2Fwp%2Fv2%2Fcomments&post=35"}],"version-history":[{"count":7,"href":"http:\/\/trialog4animals.eu\/index.php?rest_route=\/wp\/v2\/pages\/35\/revisions"}],"predecessor-version":[{"id":224,"href":"http:\/\/trialog4animals.eu\/index.php?rest_route=\/wp\/v2\/pages\/35\/revisions\/224"}],"wp:attachment":[{"href":"http:\/\/trialog4animals.eu\/index.php?rest_route=%2Fwp%2Fv2%2Fmedia&parent=35"}],"curies":[{"name":"wp","href":"https:\/\/api.w.org\/{rel}","templated":true}]}}