{"id":136,"date":"2019-09-04T01:56:06","date_gmt":"2019-09-03T23:56:06","guid":{"rendered":"http:\/\/trialog4animals.eu\/?page_id=136"},"modified":"2023-01-12T04:04:00","modified_gmt":"2023-01-12T03:04:00","slug":"tiere-toeten-tiere-schlachten-eine-juedische-perspektive","status":"publish","type":"page","link":"http:\/\/trialog4animals.eu\/?page_id=136","title":{"rendered":"TIERE T\u00d6TEN &#8211; TIERE SCHLACHTEN &#8211; eine j\u00fcdische Perspektive"},"content":{"rendered":"<p>Killing ANIMALS &#8211; SLAUGHTERING ANIMALS &#8211; A Jewish Perspective<\/p>\n<p>A contribution to the dialogue concerning Jewish Slaughtering (SHEHITA)<\/p>\n<p><span style=\"font-family: Verdana, sans-serif;\"><span style=\"font-family: sans-serif;\"><span style=\"font-size: large;\">Es ist \u00fcberraschend zu erkennen, da\u00df eine Kultur, die bereits seit tausenden von Jahren den Schutz von Tieren fordert und Schlachtmethoden entwickelt hat, die Willk\u00fcr und Gewalt an Tieren verhindern sollen, gerade wegen ihrer sachlichen und geregelten <\/span><\/span><span style=\"font-family: sans-serif;\"><span style=\"font-size: large;\">Schlachtmethode seit Jahrhunderten in der Kritik steht und zum Ziel negativer Projektionen wird. <\/span><\/span><br \/>\n<span style=\"font-family: sans-serif;\"><span style=\"font-size: large;\">Die Kontroversen um das j\u00fcdische Schlachten verweisen auf ein nicht<\/span><\/span><br \/>\n<span style=\"font-family: sans-serif;\"><span style=\"font-size: large;\">nur \u00e4sthetisches Problem: Im Unterschied zu der heute verbreiteten<\/span><\/span><br \/>\n<span style=\"font-family: sans-serif;\"><span style=\"font-size: large;\">Haltung, den Tod und die damit verbundenen Bereiche auszublenden,<\/span><\/span><br \/>\n<span style=\"font-family: sans-serif;\"><span style=\"font-size: large;\">bekennt sich<\/span><\/span> <span style=\"font-family: sans-serif;\"><span style=\"font-size: large;\">die j\u00fcdische Tradition dazu, das Vergie\u00dfen<\/span><\/span><span style=\"font-family: sans-serif;\"><span style=\"font-size: large;\"> des Blutes, das Bestandteil jeden Sterbens ist,<\/span><\/span> wahrzunehmen und zu diskutieren,\u00a0 mit dem Ziel, den Schlachtvorgang schnell und so schonend wie m\u00f6glich zu gestalten und Verfahrensweisen wie wiederholtes Zustechen, Erschlagen und jedwede Tierqu\u00e4lereien zu verbieten. Dessen ungeachtet ist das j\u00fcdische Schlachtverfahren (Schechita) in der Geschichte immer wieder zum Inbegriff der Tierqu\u00e4lerei geworden und diente dazu, die j\u00fcdische Minderheit auszugrenzen und anzufeinden.<br \/>\n<span style=\"font-family: sans-serif;\"><span style=\"font-size: large;\">Dabei\u00a0 erm\u00f6glicht<\/span><\/span><span style=\"font-family: sans-serif;\"><span style=\"font-size: large;\"> die<\/span><\/span> ganzheitliche <span style=\"font-family: sans-serif;\"><span style=\"font-size: large;\">Wahrnehmung und Miteinbeziehung aller k\u00f6rperlichen Aspekte, die durch das Schlachten des Tieres ausgel\u00f6st werden und zeigen wie das Tier ausblutet und vom Leben in den Tod \u00fcbergeht. Die Belastungen anzuerkennen haben das Ziel, sie durch Regeln, Vorschriften und Verbote so weit wie m\u00f6glich einzugrenzen und zu mindern.<br \/>\n<\/span><\/span><\/span><\/p>\n<p><span style=\"font-family: Verdana, sans-serif;\"><span style=\"font-family: sans-serif;\"><span style=\"font-size: large;\">Die minuti\u00f6se Beschreibung, Offenlegung und Festlegung der mit dem Schlachtvorgang einhergehenden Vorg\u00e4nge unterscheidet sich fundamental von den Schlachtmethoden anderer Kulturen und V\u00f6lker, die oft von individueller Willk\u00fcr\u00a0 und Zuf\u00e4lligkeit gepr\u00e4gt waren und Aspekte wie die Beschaffenheit der Schlachtinstrumente und Durchf\u00fchrungsweisen des Kehlschnitts\u00a0 nicht thematisierten und dadurch nicht nur Gewalt dem Tier gegen\u00fcber f\u00f6rderten, sondern zudem ungeregelten Praktiken und Grausamkeiten duldeten. <\/span><\/span><\/span><\/p>\n<p><span style=\"font-family: Verdana, sans-serif;\"><span style=\"font-family: sans-serif;\"><span style=\"font-size: large;\">Vermeidungsstrategien sind seit langem Bestandteil des Umgangs und der emotionalen Verarbeitung der Erfahrung des\u00a0 T\u00f6tens, Schlachtens und Sterbens. Da sie meist im Gegensatz zu den wirklichen Erfahrungen stehen, besteht die Neigung, Tod und Sterben entweder zu verleugnen, zu meiden oder zu bagatellisieren und mit Vorstellungen der Ruhe, der Friedlichkeit, der Heimkehr zu verbinden. All dies unterst\u00fctzt die Hoffnung, der Tod sei eine Art harmonisches Hin\u00fcbergleiten in eine andere Welt. Es soll der <\/span><\/span><span style=\"font-family: sans-serif;\"><span style=\"font-size: large;\">Anschein erweckt werden, <\/span><\/span><span style=\"font-family: sans-serif;\"><span style=\"font-size: large;\">Sterben sei ein friedlicher Vorgang, der ohne heftige k\u00f6rperliche und seelische Reaktionen vom Leben in den Tod f\u00fchrt. <\/span><\/span><\/span><\/p>\n<p><span style=\"font-family: Verdana, sans-serif;\"><span style=\"font-family: sans-serif;\"><span style=\"font-size: large;\">Dieses besch\u00f6nigenden Vorstellungen beziehen sich auch auf das Schlachten. Die Erwartung eines friedlichen, durch den Kehlschnitt erleichterten Sterbens,\u00a0 <\/span><\/span><\/span><span style=\"font-family: Verdana, sans-serif;\"><span style=\"font-family: sans-serif;\"><span style=\"font-size: large;\">entspricht jedoch meist nicht der Realit\u00e4t, sondern der Abwehr der Angst vor den gewaltsamen, in jeder Hinsicht blutigen Geschehnissen, die zur Realit\u00e4t des Schlachtens nicht nur\u00a0 von Gro\u00dftieren geh\u00f6ren. Der Wunsch des friedlichen Sterbens geht Hand in Hand mit der Abwehr von Gewaltvorstellungen und Qu\u00e4lereien, vor denen Menschen so lange wie m\u00f6glich die Augen verschlie\u00dfen. Wunschvorstellungen des friedlichen Sterbens beziehen sich auf Menschen ebenso wie auf Tiere und zeigen, wie massiv die \u00c4ngste vor der eigenen Sterblichkeit sind und wie leicht sie &#8211;\u00a0 auch wenn es sich um Tiere handelt &#8211; im Menschen ausgel\u00f6st werden k\u00f6nnen. <\/span><\/span><\/span><\/p>\n<p><span style=\"font-family: Verdana, sans-serif;\"><span style=\"font-family: sans-serif;\"><span style=\"font-size: large;\">Abwehrmechanismen und Verdr\u00e4ngungsstrategien, die im Umfeld des Sterbens von Menschen ebenso wie von Tieren auftauchen, erleichtern es, den oft langen, von Gewalt, Panik und Schmerzen gepr\u00e4gten\u00a0 <\/span><\/span><span style=\"font-family: sans-serif;\"><span style=\"font-size: large;\">Proze\u00df des Sterbens zu\u00a0 bagatellisieren, damit er dem Ideal eines &#8222;<\/span><\/span><span style=\"font-family: sans-serif;\"><span style=\"font-size: large;\">schmerzlosen Sterbens nach einem ebenso schmerzlosen <\/span><\/span><span style=\"font-family: sans-serif;\"><span style=\"font-size: large;\">Schlachten&#8220; entspricht.<\/span><\/span><br \/>\n<span style=\"font-family: sans-serif;\"><span style=\"font-size: large;\">Das Ausbluten wird als anst\u00f6\u00dfig erfahren. Es l\u00f6st Abwehr aus, die sich von der Ablehnung des Blutvergie\u00dfens zur Ablehnung der Schlachtmethode (die bis heute jedes Schlachten kennzeichnet, egal von welcher Kultur oder Religionsgemeinschaft ausgef\u00fchrt!). Da\u00df von all den \u00c4ngsten am Ende meist allein\u00a0 der Mi\u00dfmut den &#8222;Fremden&#8220;, &#8222;Unzugeh\u00f6rigen&#8220;\u00a0\u00a0\u00a0 gegen\u00fcber \u00fcbrig bleibt, und diesen &#8222;Fremden&#8220; somit die\u00a0 Rolle zugewiesen wird, als einzige die B\u00fcrde all der &#8211; auch andernorts erfahrbaren Mi\u00dfst\u00e4nde und Ungeheuerlichkeiten zu repr\u00e4sentieren, hat meist eher mit den Abgr\u00fcnden und Unberechenbarkeiten der Gef\u00fchlswelt der Menschen als mit der Realit\u00e4t zu tun.Und so werden B\u00fchnen und Kanzeln genutzt, um einfache L\u00f6sungen zu pr\u00e4sentieren und die Feinde des Wahren und Guten ein f\u00fcr allemal und f\u00fcr immerdar auszuweisen. Was nicht gel\u00f6st werden kann, l\u00e4\u00dft sich nur mit gro\u00dfer Geste und vor aller Augen wegschaffen. B\u00fchne frei f\u00fcr die Unberechenbarkeiten &#8230;\u00a0 von Jahrhundert zu Jahrhundert!<br \/>\n<\/span><\/span><\/span><\/p>\n<p>Wie wankelm\u00fctig die Gef\u00fchle des Menschen! <span style=\"font-family: Verdana, sans-serif;\"><span style=\"font-family: sans-serif;\"><span style=\"font-size: large;\">Mi\u00dfst\u00e4nde lassen sich an vielen Orten finden, sie\u00a0 &#8211; in konzentrierter Weise &#8211; mit jenen\u00a0 in Verbindung zu bringen, die sich ohnehin wenig\u00a0 Sympathien erfreuen, ist eine gerissene Taktik, von anderen Mi\u00dfst\u00e4nden abzulenken. Probleme lassen sich ebenso (er)finden wie sie sich ausbreiten und stellvertretend entsorgen lassen&#8230;<\/span><\/span><\/span><\/p>\n<p><span style=\"font-family: Verdana, sans-serif;\"><span style=\"font-family: sans-serif;\"><span style=\"font-size: large;\">Die\u00a0 Belastungen durch das Shehita-Procedere im Umfeld der Schlachtstra\u00dfen werden ausf\u00fchrlich auf der Webseite TierimJudentum.de dargestellt. <\/span><\/span><\/span><\/p>\n<p><span style=\"font-family: Verdana, sans-serif;\"><span style=\"font-family: sans-serif;\"><span style=\"font-size: large;\">Hier der Link<\/span><\/span><\/span><span style=\"font-family: Verdana, sans-serif;\"><span style=\"font-family: sans-serif;\"><span style=\"font-size: large;\">: <a href=\"http:\/\/tierimjudentum.de\/?page_id=122\">http:\/\/tierimjudentum.de\/?page_id=122<\/a><br \/>\n<\/span><\/span><\/span><\/p>\n","protected":false},"excerpt":{"rendered":"<p>Killing ANIMALS &#8211; SLAUGHTERING ANIMALS &#8211; A Jewish Perspective A contribution to the dialogue concerning Jewish Slaughtering (SHEHITA) Es ist \u00fcberraschend zu erkennen, da\u00df eine Kultur, die bereits seit tausenden von Jahren den Schutz von Tieren fordert und Schlachtmethoden entwickelt hat, die Willk\u00fcr und Gewalt an Tieren verhindern sollen, gerade wegen ihrer sachlichen und geregelten &hellip; <a href=\"http:\/\/trialog4animals.eu\/?page_id=136\" class=\"more-link\"><span class=\"screen-reader-text\">TIERE T\u00d6TEN &#8211; TIERE SCHLACHTEN &#8211; eine j\u00fcdische Perspektive<\/span> weiterlesen<\/a><\/p>\n","protected":false},"author":1,"featured_media":0,"parent":0,"menu_order":0,"comment_status":"closed","ping_status":"closed","template":"","meta":{"footnotes":""},"aioseo_notices":[],"_links":{"self":[{"href":"http:\/\/trialog4animals.eu\/index.php?rest_route=\/wp\/v2\/pages\/136"}],"collection":[{"href":"http:\/\/trialog4animals.eu\/index.php?rest_route=\/wp\/v2\/pages"}],"about":[{"href":"http:\/\/trialog4animals.eu\/index.php?rest_route=\/wp\/v2\/types\/page"}],"author":[{"embeddable":true,"href":"http:\/\/trialog4animals.eu\/index.php?rest_route=\/wp\/v2\/users\/1"}],"replies":[{"embeddable":true,"href":"http:\/\/trialog4animals.eu\/index.php?rest_route=%2Fwp%2Fv2%2Fcomments&post=136"}],"version-history":[{"count":11,"href":"http:\/\/trialog4animals.eu\/index.php?rest_route=\/wp\/v2\/pages\/136\/revisions"}],"predecessor-version":[{"id":215,"href":"http:\/\/trialog4animals.eu\/index.php?rest_route=\/wp\/v2\/pages\/136\/revisions\/215"}],"wp:attachment":[{"href":"http:\/\/trialog4animals.eu\/index.php?rest_route=%2Fwp%2Fv2%2Fmedia&parent=136"}],"curies":[{"name":"wp","href":"https:\/\/api.w.org\/{rel}","templated":true}]}}